{"id":77,"date":"2018-11-20T13:42:25","date_gmt":"2018-11-20T12:42:25","guid":{"rendered":"http:\/\/sebword.ovh\/index.php\/front-page-2\/"},"modified":"2019-01-18T18:55:08","modified_gmt":"2019-01-18T17:55:08","slug":"front-page-2","status":"publish","type":"page","link":"https:\/\/sebword.ovh\/","title":{"rendered":"Paul Bercherie"},"content":{"rendered":"\n<p><\/p>\n\n\n\n<pre class=\"wp-block-code\"><code><\/code><\/pre>\n\n\n\n<p>Paul Bercherie est psychiatre et psychanalyste. Il a\npubli\u00e9 des ouvrages de r\u00e9f\u00e9rence sur l\u2019histoire et la constitution de la\npsychiatrie clinique et de la psychanalyse&nbsp;: <em>Les Fondements de la Clinique. Histoire et structure du savoir\npsychiatrique (1980), Gen\u00e8se des concepts freudiens (1983),<\/em> <em>Examen des Fondements de la Psychanalyse\n(2004)<\/em>, et derni\u00e8rement <em>Structure des\nPsychose. Une synth\u00e8se post-lacanienne (2014).<\/em><em><\/em><\/p>\n","protected":false},"excerpt":{"rendered":"<p>Paul Bercherie est psychiatre et psychanalyste. Il a publi\u00e9 des ouvrages de r\u00e9f\u00e9rence sur l\u2019histoire et la constitution de la psychiatrie clinique et de la psychanalyse&nbsp;: Les Fondements de la Clinique. Histoire et structure du savoir psychiatrique (1980), Gen\u00e8se des concepts freudiens (1983), Examen des Fondements de la Psychanalyse (2004), [&hellip;]<\/p>\n","protected":false},"author":1,"featured_media":0,"parent":0,"menu_order":7,"comment_status":"closed","ping_status":"closed","template":"","meta":{"jetpack_post_was_ever_published":false,"footnotes":""},"class_list":["post-77","page","type-page","status-publish","hentry"],"jetpack_sharing_enabled":true,"jetpack_shortlink":"https:\/\/wp.me\/PbFbWJ-1f","_links":{"self":[{"href":"https:\/\/sebword.ovh\/index.php\/wp-json\/wp\/v2\/pages\/77"}],"collection":[{"href":"https:\/\/sebword.ovh\/index.php\/wp-json\/wp\/v2\/pages"}],"about":[{"href":"https:\/\/sebword.ovh\/index.php\/wp-json\/wp\/v2\/types\/page"}],"author":[{"embeddable":true,"href":"https:\/\/sebword.ovh\/index.php\/wp-json\/wp\/v2\/users\/1"}],"replies":[{"embeddable":true,"href":"https:\/\/sebword.ovh\/index.php\/wp-json\/wp\/v2\/comments?post=77"}],"version-history":[{"count":11,"href":"https:\/\/sebword.ovh\/index.php\/wp-json\/wp\/v2\/pages\/77\/revisions"}],"predecessor-version":[{"id":313,"href":"https:\/\/sebword.ovh\/index.php\/wp-json\/wp\/v2\/pages\/77\/revisions\/313"}],"wp:attachment":[{"href":"https:\/\/sebword.ovh\/index.php\/wp-json\/wp\/v2\/media?parent=77"}],"curies":[{"name":"wp","href":"https:\/\/api.w.org\/{rel}","templated":true}]}}