{"id":572,"date":"2020-04-22T10:33:38","date_gmt":"2020-04-22T08:33:38","guid":{"rendered":"http:\/\/sebword.ovh\/?page_id=572"},"modified":"2020-04-22T12:34:28","modified_gmt":"2020-04-22T10:34:28","slug":"conference","status":"publish","type":"page","link":"https:\/\/sebword.ovh\/index.php\/conference\/","title":{"rendered":"Conf\u00e9rence"},"content":{"rendered":"\n<figure class=\"wp-block-image\"><a href=\"https:\/\/www.youtube.com\/watch?v=oP7tEK7Kyu8\" target=\"_blank\" rel=\"noreferrer noopener\"><img loading=\"lazy\" decoding=\"async\" width=\"1024\" height=\"538\" src=\"http:\/\/sebword.ovh\/wp-content\/uploads\/2020\/04\/Bercherie-conference-1024x538.jpg\" alt=\"paul bercherie conference\" class=\"wp-image-573\" srcset=\"https:\/\/sebword.ovh\/wp-content\/uploads\/2020\/04\/Bercherie-conference-1024x538.jpg 1024w, https:\/\/sebword.ovh\/wp-content\/uploads\/2020\/04\/Bercherie-conference-300x158.jpg 300w, https:\/\/sebword.ovh\/wp-content\/uploads\/2020\/04\/Bercherie-conference-768x403.jpg 768w, https:\/\/sebword.ovh\/wp-content\/uploads\/2020\/04\/Bercherie-conference.jpg 1049w\" sizes=\"(max-width: 1024px) 100vw, 1024px\" \/><\/a><figcaption> <br><a rel=\"noreferrer noopener\" aria-label=\" (s\u2019ouvre dans un nouvel onglet)\" href=\"https:\/\/www.youtube.com\/watch?v=oP7tEK7Kyu8\" target=\"_blank\"><strong>Conf\u00e9rence prononc\u00e9e le 6 f\u00e9vrier 2020 au S\u00e9minaire d\u2019\u00e9pist\u00e9mologie de la psychiatrie organis\u00e9 sous l\u2019\u00e9gide de L\u2019Evolution Psychiatrique dans le cadre de l\u2019ASM 13\ufeff<\/strong><\/a> <\/figcaption><\/figure>\n\n\n","protected":false},"excerpt":{"rendered":"","protected":false},"author":1,"featured_media":0,"parent":0,"menu_order":1,"comment_status":"closed","ping_status":"closed","template":"","meta":{"jetpack_post_was_ever_published":false,"footnotes":""},"class_list":["post-572","page","type-page","status-publish","hentry"],"jetpack_sharing_enabled":true,"jetpack_shortlink":"https:\/\/wp.me\/PbFbWJ-9e","_links":{"self":[{"href":"https:\/\/sebword.ovh\/index.php\/wp-json\/wp\/v2\/pages\/572"}],"collection":[{"href":"https:\/\/sebword.ovh\/index.php\/wp-json\/wp\/v2\/pages"}],"about":[{"href":"https:\/\/sebword.ovh\/index.php\/wp-json\/wp\/v2\/types\/page"}],"author":[{"embeddable":true,"href":"https:\/\/sebword.ovh\/index.php\/wp-json\/wp\/v2\/users\/1"}],"replies":[{"embeddable":true,"href":"https:\/\/sebword.ovh\/index.php\/wp-json\/wp\/v2\/comments?post=572"}],"version-history":[{"count":8,"href":"https:\/\/sebword.ovh\/index.php\/wp-json\/wp\/v2\/pages\/572\/revisions"}],"predecessor-version":[{"id":586,"href":"https:\/\/sebword.ovh\/index.php\/wp-json\/wp\/v2\/pages\/572\/revisions\/586"}],"wp:attachment":[{"href":"https:\/\/sebword.ovh\/index.php\/wp-json\/wp\/v2\/media?parent=572"}],"curies":[{"name":"wp","href":"https:\/\/api.w.org\/{rel}","templated":true}]}}