{"id":548,"date":"2019-05-20T10:52:54","date_gmt":"2019-05-20T08:52:54","guid":{"rendered":"http:\/\/sebword.ovh\/?page_id=548"},"modified":"2024-10-24T16:17:33","modified_gmt":"2024-10-24T14:17:33","slug":"derniere-parution","status":"publish","type":"page","link":"https:\/\/sebword.ovh\/index.php\/derniere-parution\/","title":{"rendered":"Derni\u00e8res publications"},"content":{"rendered":"\n<h3 class=\"wp-block-heading has-text-align-left\">Apr\u00e8s Lacan<\/h3>\n\n\n\n<figure class=\"wp-block-image size-full is-resized\"><img loading=\"lazy\" decoding=\"async\" width=\"254\" height=\"394\" src=\"http:\/\/sebword.ovh\/wp-content\/uploads\/2024\/10\/APRES-LACAN-254.jpg\" alt=\"\" class=\"wp-image-609\" style=\"width:308px;height:auto\" srcset=\"https:\/\/sebword.ovh\/wp-content\/uploads\/2024\/10\/APRES-LACAN-254.jpg 254w, https:\/\/sebword.ovh\/wp-content\/uploads\/2024\/10\/APRES-LACAN-254-193x300.jpg 193w\" sizes=\"(max-width: 254px) 100vw, 254px\" \/><\/figure>\n\n\n\n<p>Apr\u00e8s Lacan, parce que son parcours marque pour la psychanalyse un tournant radical, qu\u2019il parait faible de qualifier d\u2019\u00e9pist\u00e9mologique. En arrachant la doctrine au psychologisme qui impr\u00e8gne profond\u00e9ment l\u2019\u0153uvre de Freud et la pens\u00e9e des post-freudiens, Lacan ouvrit en effet \u00e0 la psychanalyse un questionnement fondamental sur sa place dans la culture, tout en \u00e9branlant profond\u00e9ment les fondements de son approche de la pathologie et la conception de la cure. Mais le virage fut n\u00e9goci\u00e9 trop brutalement, sur des bases logicistes (structuralistes) que Lacan finit d\u2019ailleurs par d\u00e9savouer. Bref une \u00ab\u00a0extension\u00a0\u00bb (Bion) s\u2019impose, avec la prise en compte des avanc\u00e9es des autres courants de la psychanalyse, de l\u2019\u00e9cole anglaise en particulier, dont les rep\u00e8res axiologiques transcendent le scientisme freudo-lacanien pour s\u2019ouvrir \u00e0 une dimension franchement \u00e9thique, transcendantale, c\u2019est-\u00e0-dire \u00e0 la fonction subjective de l\u2019Id\u00e9al et aux cons\u00e9quences psychopathologiques majeures de son oblit\u00e9ration. Il y va de l\u2019avenir de la psychanalyse, plut\u00f4t mal engag\u00e9 dans la phase actuelle qui ne lui est gu\u00e8re favorable et voit ressurgir, r\u00e9chapp\u00e9s, les adversaires doctrinaux de toujours, organicisme psychiatrique et neuropsychologie, avec leur profonde inscription dans l\u2019id\u00e9ologie de la modernit\u00e9. C\u2019est \u00e0 quoi s\u2019essaient les divers essais r\u00e9unis dans ce recueil, dans une d\u00e9marche qui se veut \u00e0 la fois critique, analytique et prospective.<\/p>\n\n\n\n<p><a href=\"http:\/\/www.editions-harmattan.fr\/catalogue\/livre\/apres-lacan\/77215\" data-type=\"link\" data-id=\"http:\/\/www.editions-harmattan.fr\/catalogue\/livre\/apres-lacan\/77215\" target=\"_blank\" rel=\"noreferrer noopener\">Commandes \u00e9diteur<\/a><\/p>\n\n\n\n<div style=\"height:100px\" aria-hidden=\"true\" class=\"wp-block-spacer\"><\/div>\n\n\n\n<p><\/p>\n\n\n\n<p><\/p>\n\n\n\n<p><\/p>\n\n\n<div class=\"wp-block-image is-resized\">\n<figure class=\"alignleft\"><img loading=\"lazy\" decoding=\"async\" width=\"300\" height=\"435\" src=\"http:\/\/sebword.ovh\/wp-content\/uploads\/2018\/11\/CV_BERCHERIE_Nevrose-et-psychose-BD.jpg\" alt=\"paul bercherie nevrose psychose\" class=\"wp-image-136\" srcset=\"https:\/\/sebword.ovh\/wp-content\/uploads\/2018\/11\/CV_BERCHERIE_Nevrose-et-psychose-BD.jpg 300w, https:\/\/sebword.ovh\/wp-content\/uploads\/2018\/11\/CV_BERCHERIE_Nevrose-et-psychose-BD-207x300.jpg 207w\" sizes=\"(max-width: 300px) 100vw, 300px\" \/><\/figure><\/div>\n\n\n<h3 class=\"wp-block-heading has-text-align-left\" id=\"mce_20\">N\u00e9vrose et psychose<\/h3>\n\n\n\n<p><span style=\"color: #000000;\">La psychiatrie contemporaine \u2013 celle des DSM \u2013 a quasiment abandonn\u00e9 les termes et les concepts de n\u00e9vrose et de psychose. Ce qui est bien loin de repr\u00e9senter un progr\u00e8s pour la clinique.<\/span><\/p>\n\n\n\n<p><span style=\"color: #000000;\">A l\u2019oppos\u00e9, le bin\u00f4me n\u00e9vrose\/psychose constitue l\u2019axe fondamental de la constitution de la clinique psychanalytique. Contrairement \u00e0 une id\u00e9e tr\u00e8s r\u00e9pandue, il s\u2019agit d\u2019une cr\u00e9ation propre et originale de Freud. Chaque grand courant de la psychanalyse apporte ensuite sa pierre \u00e0 l\u2019\u00e9difice jusqu\u2019\u00e0 la construction, avec Lacan, de la th\u00e9orie structurale.<\/span><\/p>\n\n\n\n<p><span style=\"color: #000000;\">En s\u2019appuyant sur de nombreux exemples concrets, cet ouvrage pr\u00e9sente au lecteur les grands rep\u00e8res structuraux qui guident la clinique psychanalytique, leur f\u00e9condit\u00e9 et leur immense port\u00e9e. A c\u00f4t\u00e9 des deux grandes classes cliniques des n\u00e9vroses et des psychoses, on examinera la question des \u00e9tats-limites \u00e0 la lumi\u00e8re des consid\u00e9rations de Freud sur les perversions, avant d\u2019interroger la pertinence d\u2019une notion de normalit\u00e9.<\/span><\/p>\n\n\n\n<p><span style=\"color: #000000;\">En appendice un court expos\u00e9 de l\u2019histoire et de la structure actuelle du champ psychanalytique permettra au lecteur de disposer d\u2019une table d\u2019orientation minimale dans le labyrinthe des th\u00e8ses contradictoires de la psychanalyse contemporaine.<\/span><\/p>\n\n\n<p><!--EndFragment--><\/p>\n<p><a href=\"http:\/\/www.inpress.fr\/livre\/nevrose-et-psychose\/\" target=\"_blank\" rel=\"noopener noreferrer\">Commandes \u00e9diteur<\/a><\/p>\n\n\n<p><\/p>\n","protected":false},"excerpt":{"rendered":"<p>Apr\u00e8s Lacan Apr\u00e8s Lacan, parce que son parcours marque pour la psychanalyse un tournant radical, qu\u2019il parait faible de qualifier d\u2019\u00e9pist\u00e9mologique. En arrachant la doctrine au psychologisme qui impr\u00e8gne profond\u00e9ment l\u2019\u0153uvre de Freud et la pens\u00e9e des post-freudiens, Lacan ouvrit en effet \u00e0 la psychanalyse un questionnement fondamental sur sa [&hellip;]<\/p>\n","protected":false},"author":1,"featured_media":0,"parent":0,"menu_order":2,"comment_status":"closed","ping_status":"closed","template":"","meta":{"jetpack_post_was_ever_published":false,"footnotes":""},"class_list":["post-548","page","type-page","status-publish","hentry"],"jetpack_sharing_enabled":true,"jetpack_shortlink":"https:\/\/wp.me\/PbFbWJ-8Q","_links":{"self":[{"href":"https:\/\/sebword.ovh\/index.php\/wp-json\/wp\/v2\/pages\/548"}],"collection":[{"href":"https:\/\/sebword.ovh\/index.php\/wp-json\/wp\/v2\/pages"}],"about":[{"href":"https:\/\/sebword.ovh\/index.php\/wp-json\/wp\/v2\/types\/page"}],"author":[{"embeddable":true,"href":"https:\/\/sebword.ovh\/index.php\/wp-json\/wp\/v2\/users\/1"}],"replies":[{"embeddable":true,"href":"https:\/\/sebword.ovh\/index.php\/wp-json\/wp\/v2\/comments?post=548"}],"version-history":[{"count":18,"href":"https:\/\/sebword.ovh\/index.php\/wp-json\/wp\/v2\/pages\/548\/revisions"}],"predecessor-version":[{"id":628,"href":"https:\/\/sebword.ovh\/index.php\/wp-json\/wp\/v2\/pages\/548\/revisions\/628"}],"wp:attachment":[{"href":"https:\/\/sebword.ovh\/index.php\/wp-json\/wp\/v2\/media?parent=548"}],"curies":[{"name":"wp","href":"https:\/\/api.w.org\/{rel}","templated":true}]}}